{"id":2536,"date":"2020-01-04T21:29:32","date_gmt":"2020-01-04T18:29:32","guid":{"rendered":"http:\/\/metingroup.com\/?page_id=2536"},"modified":"2020-01-22T17:22:14","modified_gmt":"2020-01-22T14:22:14","slug":"qualitaetspolitik","status":"publish","type":"page","link":"https:\/\/metingroup.com\/de\/qualitaetspolitik\/","title":{"rendered":"Qualit\u00e4tspolitik"},"content":{"rendered":"<p>[vc_row][vc_column][vc_custom_heading text=&#8220;Qualit\u00e4tspolitik&#8220; use_theme_fonts=&#8220;yes&#8220;][vc_column_text]<\/p>\n<ul>\n<li>Bereitstellung effizienter und zuverl\u00e4ssiger Transport- und Vertriebsdienstleistungen, die wir ben\u00f6tigen, um St\u00f6rungen unserer Dienstleistungen f\u00fcr unsere Kunden zu verhindern<\/li>\n<li>Zu diesem Zweck \u00fcberwachen wir kontinuierlich die Technologien und Standards in der Welt und entwickeln L\u00f6sungen, die die Erwartungen unserer Kunden \u00fcbertreffen<\/li>\n<li>Unseren Kunden zeitnah zuverl\u00e4ssige L\u00f6sungen zu den g\u00fcnstigsten Preisen, in h\u00f6chster Qualit\u00e4t und nach den geltenden Vorschriften zur Verf\u00fcgung zu stellen<\/li>\n<li>Rechtzeitige und vollst\u00e4ndige Dokumentation und technische Unterst\u00fctzung vor und nach dem Verkauf, um einen reibungslosen Service zu gew\u00e4hrleisten<\/li>\n<li>Steigerung der Bildung und individuellen Entwicklung durch die Organisation kontinuierlicher Aktivit\u00e4ten, um die Gesundheit, Sicherheit, Gegenwart und Zukunft der Mitarbeiter zu gew\u00e4hrleisten und ihre Loyalit\u00e4t und Zufriedenheit zu steigern<\/li>\n<li>Aufbau einer engen und kontinuierlichen Zusammenarbeit mit Lieferanten, um deren Entwicklung sicherzustellen, die Ergebnisse zu \u00fcberwachen und die Integrit\u00e4t aller Servicekettenringe sicherzustellen<\/li>\n<li>Alle Mitarbeiter, insbesondere das Top-Management, sind daf\u00fcr verantwortlich, die Qualit\u00e4tspolitik des Unternehmens umzusetzen und die Effizienz des Qualit\u00e4tssystems zu verbessern<\/li>\n<\/ul>\n<div id=\"gtx-trans\" style=\"position: absolute; left: 39px; top: 470px;\">\n<div class=\"gtx-trans-icon\"><\/div>\n<\/div>\n<p>[\/vc_column_text][vc_row_inner][vc_column_inner width=&#8220;1\/3&#8243;][stm_icon icon_size=&#8220;71&#8243; icon_height=&#8220;72&#8243; title_font_size=&#8220;25&#8243; title_font_weight=&#8220;500&#8243; align=&#8220;center&#8220; icon=&#8220;stm-security&#8220; title=&#8220;Qualit\u00e4t&#8220; text=&#8220;Wir halten die Servicequalit\u00e4t \u00fcber den Erwartungen unserer Kunden.&#8220; text_color=&#8220;#161616&#8243;][\/vc_column_inner][vc_column_inner width=&#8220;1\/3&#8243;][stm_icon icon_size=&#8220;71&#8243; icon_height=&#8220;72&#8243; title_font_size=&#8220;25&#8243; title_font_weight=&#8220;500&#8243; align=&#8220;center&#8220; icon=&#8220;stm-fast-delivery&#8220; title=&#8220;Rechtzeitige Lieferung&#8220; text=&#8220;Wir garantieren, Ihre Produkte am geplanten Tag und Zeit zu liefern.&#8220; text_color=&#8220;#161616&#8243;][\/vc_column_inner][vc_column_inner width=&#8220;1\/3&#8243;][stm_icon icon_size=&#8220;71&#8243; icon_height=&#8220;72&#8243; title_font_size=&#8220;25&#8243; title_font_weight=&#8220;500&#8243; align=&#8220;center&#8220; icon=&#8220;stm-transport842&#8243; title=&#8220;Sicheren transport&#8220; text=&#8220;Wir garantieren den sichersten Transport mit unseren eigenen Fahrzeugen.&#8220; text_color=&#8220;#161616&#8243;][\/vc_column_inner][\/vc_row_inner][\/vc_column][\/vc_row]<\/p>\n","protected":false},"excerpt":{"rendered":"<p>[vc_row][vc_column][vc_custom_heading text=&#8220;Qualit\u00e4tspolitik&#8220; use_theme_fonts=&#8220;yes&#8220;][vc_column_text] Bereitstellung effizienter und zuverl\u00e4ssiger Transport- und Vertriebsdienstleistungen, die wir ben\u00f6tigen, um St\u00f6rungen unserer Dienstleistungen f\u00fcr unsere Kunden zu verhindern Zu diesem Zweck \u00fcberwachen wir kontinuierlich die Technologien und Standards in&#8230;<\/p>\n","protected":false},"author":1,"featured_media":0,"parent":0,"menu_order":0,"comment_status":"closed","ping_status":"closed","template":"","meta":{"footnotes":""},"yoast_head":"<!-- This site is optimized with the Yoast SEO plugin v22.9 - https:\/\/yoast.com\/wordpress\/plugins\/seo\/ -->\n<title>Qualit\u00e4tspolitik - Metin Group<\/title>\n<meta name=\"robots\" content=\"index, follow, max-snippet:-1, max-image-preview:large, max-video-preview:-1\" \/>\n<link rel=\"canonical\" href=\"https:\/\/metingroup.com\/de\/kalite-politikasi\/\" \/>\n<meta property=\"og:locale\" content=\"de_DE\" \/>\n<meta property=\"og:type\" content=\"article\" \/>\n<meta property=\"og:title\" content=\"Qualit\u00e4tspolitik - Metin Group\" \/>\n<meta property=\"og:description\" content=\"[vc_row][vc_column][vc_custom_heading text=&#8220;Qualit\u00e4tspolitik&#8220; use_theme_fonts=&#8220;yes&#8220;][vc_column_text] Bereitstellung effizienter und zuverl\u00e4ssiger Transport- und Vertriebsdienstleistungen, die wir ben\u00f6tigen, um St\u00f6rungen unserer Dienstleistungen f\u00fcr unsere Kunden zu verhindern Zu diesem Zweck \u00fcberwachen wir kontinuierlich die Technologien und Standards in...\" \/>\n<meta property=\"og:url\" content=\"https:\/\/metingroup.com\/kalite-politikasi\/\" \/>\n<meta property=\"og:site_name\" content=\"Metin Group\" \/>\n<meta property=\"article:modified_time\" content=\"2020-01-22T14:22:14+00:00\" \/>\n<meta name=\"twitter:card\" content=\"summary_large_image\" \/>\n<meta name=\"twitter:label1\" content=\"Gesch\u00e4tzte Lesezeit\" \/>\n\t<meta name=\"twitter:data1\" content=\"2\u00a0Minuten\" \/>\n<script type=\"application\/ld+json\" class=\"yoast-schema-graph\">{\"@context\":\"https:\/\/schema.org\",\"@graph\":[{\"@type\":\"WebPage\",\"@id\":\"https:\/\/metingroup.com\/kalite-politikasi\/\",\"url\":\"https:\/\/metingroup.com\/kalite-politikasi\/\",\"name\":\"Qualit\u00e4tspolitik - Metin Group\",\"isPartOf\":{\"@id\":\"https:\/\/metingroup.com\/#website\"},\"datePublished\":\"2020-01-04T18:29:32+00:00\",\"dateModified\":\"2020-01-22T14:22:14+00:00\",\"breadcrumb\":{\"@id\":\"https:\/\/metingroup.com\/kalite-politikasi\/#breadcrumb\"},\"inLanguage\":\"de\",\"potentialAction\":[{\"@type\":\"ReadAction\",\"target\":[\"https:\/\/metingroup.com\/kalite-politikasi\/\"]}]},{\"@type\":\"BreadcrumbList\",\"@id\":\"https:\/\/metingroup.com\/kalite-politikasi\/#breadcrumb\",\"itemListElement\":[{\"@type\":\"ListItem\",\"position\":1,\"name\":\"Ana sayfa\",\"item\":\"https:\/\/metingroup.com\/\"},{\"@type\":\"ListItem\",\"position\":2,\"name\":\"Qualit\u00e4tspolitik\"}]},{\"@type\":\"WebSite\",\"@id\":\"https:\/\/metingroup.com\/#website\",\"url\":\"https:\/\/metingroup.com\/\",\"name\":\"Metin Group\",\"description\":\"Uluslararas\u0131 Ta\u015f\u0131mac\u0131l\u0131k\",\"potentialAction\":[{\"@type\":\"SearchAction\",\"target\":{\"@type\":\"EntryPoint\",\"urlTemplate\":\"https:\/\/metingroup.com\/?s={search_term_string}\"},\"query-input\":\"required name=search_term_string\"}],\"inLanguage\":\"de\"}]}<\/script>\n<!-- \/ Yoast SEO plugin. -->","yoast_head_json":{"title":"Qualit\u00e4tspolitik - Metin Group","robots":{"index":"index","follow":"follow","max-snippet":"max-snippet:-1","max-image-preview":"max-image-preview:large","max-video-preview":"max-video-preview:-1"},"canonical":"https:\/\/metingroup.com\/de\/kalite-politikasi\/","og_locale":"de_DE","og_type":"article","og_title":"Qualit\u00e4tspolitik - Metin Group","og_description":"[vc_row][vc_column][vc_custom_heading text=&#8220;Qualit\u00e4tspolitik&#8220; use_theme_fonts=&#8220;yes&#8220;][vc_column_text] Bereitstellung effizienter und zuverl\u00e4ssiger Transport- und Vertriebsdienstleistungen, die wir ben\u00f6tigen, um St\u00f6rungen unserer Dienstleistungen f\u00fcr unsere Kunden zu verhindern Zu diesem Zweck \u00fcberwachen wir kontinuierlich die Technologien und Standards in...","og_url":"https:\/\/metingroup.com\/kalite-politikasi\/","og_site_name":"Metin Group","article_modified_time":"2020-01-22T14:22:14+00:00","twitter_card":"summary_large_image","twitter_misc":{"Gesch\u00e4tzte Lesezeit":"2\u00a0Minuten"},"schema":{"@context":"https:\/\/schema.org","@graph":[{"@type":"WebPage","@id":"https:\/\/metingroup.com\/kalite-politikasi\/","url":"https:\/\/metingroup.com\/kalite-politikasi\/","name":"Qualit\u00e4tspolitik - Metin Group","isPartOf":{"@id":"https:\/\/metingroup.com\/#website"},"datePublished":"2020-01-04T18:29:32+00:00","dateModified":"2020-01-22T14:22:14+00:00","breadcrumb":{"@id":"https:\/\/metingroup.com\/kalite-politikasi\/#breadcrumb"},"inLanguage":"de","potentialAction":[{"@type":"ReadAction","target":["https:\/\/metingroup.com\/kalite-politikasi\/"]}]},{"@type":"BreadcrumbList","@id":"https:\/\/metingroup.com\/kalite-politikasi\/#breadcrumb","itemListElement":[{"@type":"ListItem","position":1,"name":"Ana sayfa","item":"https:\/\/metingroup.com\/"},{"@type":"ListItem","position":2,"name":"Qualit\u00e4tspolitik"}]},{"@type":"WebSite","@id":"https:\/\/metingroup.com\/#website","url":"https:\/\/metingroup.com\/","name":"Metin Group","description":"Uluslararas\u0131 Ta\u015f\u0131mac\u0131l\u0131k","potentialAction":[{"@type":"SearchAction","target":{"@type":"EntryPoint","urlTemplate":"https:\/\/metingroup.com\/?s={search_term_string}"},"query-input":"required name=search_term_string"}],"inLanguage":"de"}]}},"_links":{"self":[{"href":"https:\/\/metingroup.com\/de\/wp-json\/wp\/v2\/pages\/2536\/"}],"collection":[{"href":"https:\/\/metingroup.com\/de\/wp-json\/wp\/v2\/pages\/"}],"about":[{"href":"https:\/\/metingroup.com\/de\/wp-json\/wp\/v2\/types\/page\/"}],"author":[{"embeddable":true,"href":"https:\/\/metingroup.com\/de\/wp-json\/wp\/v2\/users\/1\/"}],"replies":[{"embeddable":true,"href":"https:\/\/metingroup.com\/de\/wp-json\/wp\/v2\/comments\/?post=2536"}],"version-history":[{"count":4,"href":"https:\/\/metingroup.com\/de\/wp-json\/wp\/v2\/pages\/2536\/revisions\/"}],"predecessor-version":[{"id":2604,"href":"https:\/\/metingroup.com\/de\/wp-json\/wp\/v2\/pages\/2536\/revisions\/2604\/"}],"wp:attachment":[{"href":"https:\/\/metingroup.com\/de\/wp-json\/wp\/v2\/media\/?parent=2536"}],"curies":[{"name":"wp","href":"https:\/\/api.w.org\/{rel}","templated":true}]}}