{"id":2540,"date":"2020-01-04T21:52:53","date_gmt":"2020-01-04T18:52:53","guid":{"rendered":"http:\/\/metingroup.com\/?page_id=2540"},"modified":"2020-01-22T17:22:23","modified_gmt":"2020-01-22T14:22:23","slug":"mission-vision","status":"publish","type":"page","link":"https:\/\/metingroup.com\/de\/mission-vision\/","title":{"rendered":"Mission &#038; Vision"},"content":{"rendered":"<p>[vc_row][vc_column][vc_custom_heading text=&#8220;Mission&#8220; use_theme_fonts=&#8220;yes&#8220;][vc_column_text]<\/p>\n<div style=\"text-align: justify;\">\n<p>Unsere Mission ist es, den Service beizubehalten, der zu unserem Motto passt: \u201eWIR SIND ANDERS\u201d Mit Verantwortungsbewusstsein gegen\u00fcber der Natur und dem Menschen, die st\u00e4ndig daran arbeiten, den besten Service zu bieten. Wir m\u00f6chten eine der Logistikfirmen sein, an die man als erstes denkt<\/p>\n<\/div>\n<p>[\/vc_column_text][vc_custom_heading text=&#8220;Vision&#8220; use_theme_fonts=&#8220;yes&#8220;][vc_column_text]<\/p>\n<div style=\"text-align: justify;\">\n<p>Unsere Vision ist es, den richtigen Service von der Startlinie bis zur Ziellinie anzubieten, und unseren Platz auf dem globalen Markt im Bereich der Logistik einzunehmen, um unseren Kunden, zusammen mit unseren erfahrenen Mitarbeitern, den besten Service zu bieten.<\/p>\n<\/div>\n<p>[\/vc_column_text][vc_row_inner][vc_column_inner width=&#8220;1\/3&#8243;][stm_icon icon_size=&#8220;71&#8243; icon_height=&#8220;72&#8243; title_font_size=&#8220;25&#8243; title_font_weight=&#8220;500&#8243; align=&#8220;center&#8220; icon=&#8220;stm-security&#8220; title=&#8220;Qualit\u00e4t&#8220; text=&#8220;Wir halten die Servicequalit\u00e4t \u00fcber den Erwartungen unserer Kunden.&#8220; text_color=&#8220;#161616&#8243;][\/vc_column_inner][vc_column_inner width=&#8220;1\/3&#8243;][stm_icon icon_size=&#8220;71&#8243; icon_height=&#8220;72&#8243; title_font_size=&#8220;25&#8243; title_font_weight=&#8220;500&#8243; align=&#8220;center&#8220; icon=&#8220;stm-fast-delivery&#8220; title=&#8220;Rechtzeitige Lieferung&#8220; text=&#8220;Wir garantieren, Ihre Produkte am geplanten Tag und Zeit zu liefern.&#8220; text_color=&#8220;#161616&#8243;][\/vc_column_inner][vc_column_inner width=&#8220;1\/3&#8243;][stm_icon icon_size=&#8220;71&#8243; icon_height=&#8220;72&#8243; title_font_size=&#8220;25&#8243; title_font_weight=&#8220;500&#8243; align=&#8220;center&#8220; icon=&#8220;stm-transport842&#8243; title=&#8220;Sicheren transport&#8220; text=&#8220;Wir garantieren den sichersten Transport mit unseren eigenen Fahrzeugen.&#8220; text_color=&#8220;#161616&#8243;][\/vc_column_inner][\/vc_row_inner][\/vc_column][\/vc_row]<\/p>\n","protected":false},"excerpt":{"rendered":"<p>[vc_row][vc_column][vc_custom_heading text=&#8220;Mission&#8220; use_theme_fonts=&#8220;yes&#8220;][vc_column_text] Unsere Mission ist es, den Service beizubehalten, der zu unserem Motto passt: \u201eWIR SIND ANDERS\u201d Mit Verantwortungsbewusstsein gegen\u00fcber der Natur und dem Menschen, die st\u00e4ndig daran arbeiten, den besten Service&#8230;<\/p>\n","protected":false},"author":1,"featured_media":0,"parent":0,"menu_order":0,"comment_status":"closed","ping_status":"closed","template":"","meta":{"footnotes":""},"yoast_head":"<!-- This site is optimized with the Yoast SEO plugin v22.9 - https:\/\/yoast.com\/wordpress\/plugins\/seo\/ -->\n<title>Mission &amp; Vision - Metin Group<\/title>\n<meta name=\"robots\" content=\"index, follow, max-snippet:-1, max-image-preview:large, max-video-preview:-1\" \/>\n<link rel=\"canonical\" href=\"https:\/\/metingroup.com\/de\/misyon-vizyon\/\" \/>\n<meta property=\"og:locale\" content=\"de_DE\" \/>\n<meta property=\"og:type\" content=\"article\" \/>\n<meta property=\"og:title\" content=\"Mission &amp; Vision - Metin Group\" \/>\n<meta property=\"og:description\" content=\"[vc_row][vc_column][vc_custom_heading text=&#8220;Mission&#8220; use_theme_fonts=&#8220;yes&#8220;][vc_column_text] Unsere Mission ist es, den Service beizubehalten, der zu unserem Motto passt: \u201eWIR SIND ANDERS\u201d Mit Verantwortungsbewusstsein gegen\u00fcber der Natur und dem Menschen, die st\u00e4ndig daran arbeiten, den besten Service...\" \/>\n<meta property=\"og:url\" content=\"https:\/\/metingroup.com\/misyon-vizyon\/\" \/>\n<meta property=\"og:site_name\" content=\"Metin Group\" \/>\n<meta property=\"article:modified_time\" content=\"2020-01-22T14:22:23+00:00\" \/>\n<meta name=\"twitter:card\" content=\"summary_large_image\" \/>\n<meta name=\"twitter:label1\" content=\"Gesch\u00e4tzte Lesezeit\" \/>\n\t<meta name=\"twitter:data1\" content=\"1\u00a0Minute\" \/>\n<script type=\"application\/ld+json\" class=\"yoast-schema-graph\">{\"@context\":\"https:\/\/schema.org\",\"@graph\":[{\"@type\":\"WebPage\",\"@id\":\"https:\/\/metingroup.com\/misyon-vizyon\/\",\"url\":\"https:\/\/metingroup.com\/misyon-vizyon\/\",\"name\":\"Mission & Vision - Metin Group\",\"isPartOf\":{\"@id\":\"https:\/\/metingroup.com\/#website\"},\"datePublished\":\"2020-01-04T18:52:53+00:00\",\"dateModified\":\"2020-01-22T14:22:23+00:00\",\"breadcrumb\":{\"@id\":\"https:\/\/metingroup.com\/misyon-vizyon\/#breadcrumb\"},\"inLanguage\":\"de\",\"potentialAction\":[{\"@type\":\"ReadAction\",\"target\":[\"https:\/\/metingroup.com\/misyon-vizyon\/\"]}]},{\"@type\":\"BreadcrumbList\",\"@id\":\"https:\/\/metingroup.com\/misyon-vizyon\/#breadcrumb\",\"itemListElement\":[{\"@type\":\"ListItem\",\"position\":1,\"name\":\"Ana sayfa\",\"item\":\"https:\/\/metingroup.com\/\"},{\"@type\":\"ListItem\",\"position\":2,\"name\":\"Mission &#038; Vision\"}]},{\"@type\":\"WebSite\",\"@id\":\"https:\/\/metingroup.com\/#website\",\"url\":\"https:\/\/metingroup.com\/\",\"name\":\"Metin Group\",\"description\":\"Uluslararas\u0131 Ta\u015f\u0131mac\u0131l\u0131k\",\"potentialAction\":[{\"@type\":\"SearchAction\",\"target\":{\"@type\":\"EntryPoint\",\"urlTemplate\":\"https:\/\/metingroup.com\/?s={search_term_string}\"},\"query-input\":\"required name=search_term_string\"}],\"inLanguage\":\"de\"}]}<\/script>\n<!-- \/ Yoast SEO plugin. -->","yoast_head_json":{"title":"Mission & Vision - Metin Group","robots":{"index":"index","follow":"follow","max-snippet":"max-snippet:-1","max-image-preview":"max-image-preview:large","max-video-preview":"max-video-preview:-1"},"canonical":"https:\/\/metingroup.com\/de\/misyon-vizyon\/","og_locale":"de_DE","og_type":"article","og_title":"Mission & Vision - Metin Group","og_description":"[vc_row][vc_column][vc_custom_heading text=&#8220;Mission&#8220; use_theme_fonts=&#8220;yes&#8220;][vc_column_text] Unsere Mission ist es, den Service beizubehalten, der zu unserem Motto passt: \u201eWIR SIND ANDERS\u201d Mit Verantwortungsbewusstsein gegen\u00fcber der Natur und dem Menschen, die st\u00e4ndig daran arbeiten, den besten Service...","og_url":"https:\/\/metingroup.com\/misyon-vizyon\/","og_site_name":"Metin Group","article_modified_time":"2020-01-22T14:22:23+00:00","twitter_card":"summary_large_image","twitter_misc":{"Gesch\u00e4tzte Lesezeit":"1\u00a0Minute"},"schema":{"@context":"https:\/\/schema.org","@graph":[{"@type":"WebPage","@id":"https:\/\/metingroup.com\/misyon-vizyon\/","url":"https:\/\/metingroup.com\/misyon-vizyon\/","name":"Mission & Vision - Metin Group","isPartOf":{"@id":"https:\/\/metingroup.com\/#website"},"datePublished":"2020-01-04T18:52:53+00:00","dateModified":"2020-01-22T14:22:23+00:00","breadcrumb":{"@id":"https:\/\/metingroup.com\/misyon-vizyon\/#breadcrumb"},"inLanguage":"de","potentialAction":[{"@type":"ReadAction","target":["https:\/\/metingroup.com\/misyon-vizyon\/"]}]},{"@type":"BreadcrumbList","@id":"https:\/\/metingroup.com\/misyon-vizyon\/#breadcrumb","itemListElement":[{"@type":"ListItem","position":1,"name":"Ana sayfa","item":"https:\/\/metingroup.com\/"},{"@type":"ListItem","position":2,"name":"Mission &#038; Vision"}]},{"@type":"WebSite","@id":"https:\/\/metingroup.com\/#website","url":"https:\/\/metingroup.com\/","name":"Metin Group","description":"Uluslararas\u0131 Ta\u015f\u0131mac\u0131l\u0131k","potentialAction":[{"@type":"SearchAction","target":{"@type":"EntryPoint","urlTemplate":"https:\/\/metingroup.com\/?s={search_term_string}"},"query-input":"required name=search_term_string"}],"inLanguage":"de"}]}},"_links":{"self":[{"href":"https:\/\/metingroup.com\/de\/wp-json\/wp\/v2\/pages\/2540\/"}],"collection":[{"href":"https:\/\/metingroup.com\/de\/wp-json\/wp\/v2\/pages\/"}],"about":[{"href":"https:\/\/metingroup.com\/de\/wp-json\/wp\/v2\/types\/page\/"}],"author":[{"embeddable":true,"href":"https:\/\/metingroup.com\/de\/wp-json\/wp\/v2\/users\/1\/"}],"replies":[{"embeddable":true,"href":"https:\/\/metingroup.com\/de\/wp-json\/wp\/v2\/comments\/?post=2540"}],"version-history":[{"count":5,"href":"https:\/\/metingroup.com\/de\/wp-json\/wp\/v2\/pages\/2540\/revisions\/"}],"predecessor-version":[{"id":2603,"href":"https:\/\/metingroup.com\/de\/wp-json\/wp\/v2\/pages\/2540\/revisions\/2603\/"}],"wp:attachment":[{"href":"https:\/\/metingroup.com\/de\/wp-json\/wp\/v2\/media\/?parent=2540"}],"curies":[{"name":"wp","href":"https:\/\/api.w.org\/{rel}","templated":true}]}}